{"id":2,"date":"2022-09-21T09:09:02","date_gmt":"2022-09-21T09:09:02","guid":{"rendered":"https:\/\/pranesk.epsog.lt\/home\/pranesk\/public_html\/?page_id=2"},"modified":"2022-11-17T09:16:13","modified_gmt":"2022-11-17T09:16:13","slug":"sample-page","status":"publish","type":"page","link":"https:\/\/pranesk.epsog.lt\/lt\/","title":{"rendered":"<strong>UAB \u201eEPSO-G\u201c \u012eMONI\u0172 GRUP\u0116S PASITIK\u0116JIMO LINIJA<\/strong>"},"content":{"rendered":"\n<div class=\"wp-block-contact-form-7-contact-form-selector\">\n<div class=\"wpcf7 no-js\" id=\"wpcf7-f5-o1\" lang=\"lt-LT\" dir=\"ltr\">\n<div class=\"screen-reader-response\"><p role=\"status\" aria-live=\"polite\" aria-atomic=\"true\"><\/p> <ul><\/ul><\/div>\n<form action=\"\/lt\/wp-json\/wp\/v2\/pages\/2#wpcf7-f5-o1\" method=\"post\" class=\"wpcf7-form init\" aria-label=\"Kontakt\u0173 forma\" enctype=\"multipart\/form-data\" novalidate=\"novalidate\" data-status=\"init\">\n<div style=\"display: none;\">\n<input type=\"hidden\" name=\"_wpcf7\" value=\"5\" \/>\n<input type=\"hidden\" name=\"_wpcf7_version\" value=\"5.9.8\" \/>\n<input type=\"hidden\" name=\"_wpcf7_locale\" value=\"lt_LT\" \/>\n<input type=\"hidden\" name=\"_wpcf7_unit_tag\" value=\"wpcf7-f5-o1\" \/>\n<input type=\"hidden\" name=\"_wpcf7_container_post\" value=\"0\" \/>\n<input type=\"hidden\" name=\"_wpcf7_posted_data_hash\" value=\"\" \/>\n<\/div>\n<p>\u0160i prane\u0161imo forma suteikia Jums galimyb\u0119 pateikti informacij\u0105 apie pa\u017eeidimus, kurie gali b\u016bti reik\u0161mingi EPSO-G \u012fmoni\u0173 grup\u0117s bendrov\u0117ms \u201eEPSO-G\u201c, \u201eLITGRID\u201c, \u201eAmber Grid\u201c, \u201eBALTPOOL\u201c, \u201eTETAS\u201c, \u201eGET Baltic\u201c ir \u201eEnergy cells\u201c, tod\u0117l kvie\u010diame i\u0161likti neabejingais ir prane\u0161ti apie galimus etikos, korupcinio pob\u016bd\u017eio, aplinkosaugos, darb\u0173 saugos, lygi\u0173 galimybi\u0173, neteis\u0117to paramos naudojimo, neatitikties atvejus ar kitus min\u0117t\u0173 Grup\u0117s bendrovi\u0173 darbuotoj\u0173 arba veiklos partneri\u0173 pa\u017eeidimus.\n<\/p>\n<p><label><b>1.Bendrov\u0117 apie, kurios veiksmus prane\u0161ate <\/b>, jei prane\u0161ate apie rangovo\/subrangovo\/konsultanto ar kt. veiksmus, tuomet pasirinkite Grup\u0117s bendrov\u0119, su kuria sieja(-o) sutartiniai santykiai.<br \/>\n<span class=\"wpcf7-form-control-wrap\" data-name=\"imone\"><select class=\"wpcf7-form-control wpcf7-select\" aria-invalid=\"false\" name=\"imone\"><option value=\"\">&#8212;Pra\u0161ome pasirinkti&#8212;<\/option><option value=\"AB Amber Grid\">AB Amber Grid<\/option><option value=\"BALTPOOL UAB\">BALTPOOL UAB<\/option><option value=\"Energy cells UAB\">Energy cells UAB<\/option><option value=\"LITGRID AB\">LITGRID AB<\/option><option value=\"UAB EPSO-G\">UAB EPSO-G<\/option><option value=\"UAB GET Baltic\">UAB GET Baltic<\/option><option value=\"UAB TETAS\">UAB TETAS<\/option><\/select><\/span><br \/>\n<\/label>\n<\/p>\n<p><label><b> 2.Prane\u0161imas<\/b> i\u0161samiai apra\u0161ykite Jums r\u016bpest\u012f kelian\u010di\u0105 situacij\u0105: kas (vardas, pavard\u0117 ir pareigos, jei \u0161ie duomenys yra \u017einomi), kada, kur, kokiu b\u016bdu ir kok\u012f pa\u017eeidim\u0105 padar\u0117, daro ar rengiasi padaryti ir kitas, J\u016bs\u0173 nuomone, svarbias aplinkybes)*<br \/>\n<span class=\"wpcf7-form-control-wrap\" data-name=\"pranesimas\"><textarea cols=\"40\" rows=\"10\" maxlength=\"2000\" class=\"wpcf7-form-control wpcf7-textarea wpcf7-validates-as-required\" aria-required=\"true\" aria-invalid=\"false\" name=\"pranesimas\"><\/textarea><\/span><\/label>\n<\/p>\n<p><label> <b>3.Pridedami dokumentai <\/b> (pa\u0161alinkite visus asmens duomenis, kurie n\u0117ra b\u016btina \u012fvykio aplinkybi\u0173 tyrimui, pvz., nesusijusi\u0173 asmen\u0173 vardus, pavardes, asmens kodus ir kt.).<br \/>\nPapildom\u0105 informacij\u0105 galite \u012fkelti tik \u0161iais formatais: pdf, png, jpeg, jpg, doc, docx, xls, xlsx, ppt, pptx. Vieno failo dydis negali vir\u0161yti 10 Mb. Nor\u0117dama pateikti informacij\u0105 kitais formatais nei nurodyti arba didesnius failus nei 10 Mb, juos galite atsi\u0173sti el. pa\u0161tu pranesk@epsog.lt<br \/>\n<span class=\"wpcf7-form-control-wrap\" data-name=\"file-689\"><input size=\"40\" class=\"wpcf7-form-control wpcf7-file\" accept=\".pdf,.txt,.doc,.docx,.png,.jpg,.jpeg,.xls,.xlsx,.pptx\" aria-invalid=\"false\" type=\"file\" name=\"file-689\" \/><\/span><\/label><br \/>\n<label><span class=\"wpcf7-form-control-wrap\" data-name=\"file-670\"><input size=\"40\" class=\"wpcf7-form-control wpcf7-file\" accept=\".pdf,.txt,.doc,.docx,.png,.jpg,.jpeg,.xls,.xlsx,.pptx\" aria-invalid=\"false\" type=\"file\" name=\"file-670\" \/><\/span><\/label><br \/>\n<label><span class=\"wpcf7-form-control-wrap\" data-name=\"file-671\"><input size=\"40\" class=\"wpcf7-form-control wpcf7-file\" accept=\".pdf,.txt,.doc,.docx,.png,.jpg,.jpeg,.xls,.xlsx,.pptx\" aria-invalid=\"false\" type=\"file\" name=\"file-671\" \/><\/span><\/label>\n<\/p>\n<p><label><span class=\"wpcf7-form-control-wrap\" data-name=\"anonimiskai\"><span class=\"wpcf7-form-control wpcf7-acceptance optional\"><span class=\"wpcf7-list-item\"><input type=\"checkbox\" name=\"anonimiskai\" value=\"1\" aria-invalid=\"false\" \/><\/span><\/span><\/span> Prane\u0161im\u0105 noriu teikti anonimi\u0161kai <\/label>\n<\/p>\n<p><label><b>4.J\u016bs\u0173 ry\u0161ys su Bendrove <\/b><br \/>\n<span class=\"wpcf7-form-control-wrap\" data-name=\"rysys\"><select class=\"wpcf7-form-control wpcf7-select\" aria-invalid=\"false\" name=\"rysys\"><option value=\"Darbuotojas arba buv\u0119s darbuotojas\">Darbuotojas arba buv\u0119s darbuotojas<\/option><option value=\"Su Bendrove sieja arba siejo sutartiniai santykiai (konsultavimo, rangos, subrangos, sta\u017euot\u0117s, praktikos ar kt)\">Su Bendrove sieja arba siejo sutartiniai santykiai (konsultavimo, rangos, subrangos, sta\u017euot\u0117s, praktikos ar kt)<\/option><option value=\"Kitas fizinis ar juridinis asmuo\">Kitas fizinis ar juridinis asmuo<\/option><\/select><\/span><br \/>\n<\/label>\n<\/p>\n<p><label><b>5.<\/b>J\u016bs\u0173 vardas, pavard\u0117, asmens kodas arba gimimo data \/ Juridinio asmens pavadinimas<br \/>\n<span class=\"wpcf7-form-control-wrap\" data-name=\"vardas\"><input size=\"40\" maxlength=\"400\" class=\"wpcf7-form-control wpcf7-text\" aria-invalid=\"false\" value=\"\" type=\"text\" name=\"vardas\" \/><\/span><br \/>\n<\/label>\n<\/p>\n<p><label><b>6.<\/b>J\u016bs\u0173 el. pa\u0161to adresas<br \/>\n<span class=\"wpcf7-form-control-wrap\" data-name=\"emailas\"><input size=\"40\" maxlength=\"400\" class=\"wpcf7-form-control wpcf7-text\" aria-invalid=\"false\" value=\"\" type=\"text\" name=\"emailas\" \/><\/span><br \/>\n<\/label>\n<\/p>\n<p><label><b>7.<\/b>J\u016bs\u0173 telefono numeris<br \/>\n<span class=\"wpcf7-form-control-wrap\" data-name=\"telefonas\"><input size=\"40\" maxlength=\"400\" class=\"wpcf7-form-control wpcf7-text\" aria-invalid=\"false\" value=\"\" type=\"text\" name=\"telefonas\" \/><\/span><br \/>\n<\/label>\n<\/p>\n<p><label><b>8.<\/b>Ar apie pa\u017eeidim\u0105 jau buvote prane\u0161\u0119s? Jei TAIP, kam ir kada prane\u0161ta ir ar buvo gautas atsakymas?<br \/>\n<span class=\"wpcf7-form-control-wrap\" data-name=\"buvopraneses\"><textarea cols=\"40\" rows=\"10\" maxlength=\"2000\" class=\"wpcf7-form-control wpcf7-textarea\" aria-invalid=\"false\" name=\"buvopraneses\"><\/textarea><\/span><br \/>\n<\/label>\n<\/p>\n<p><label><b>9.<\/b>Apie atliktus veiksmus bei priimtus sprendimus pagal mano prane\u0161im\u0105 informuoti:<br \/>\n<span class=\"wpcf7-form-control-wrap\" data-name=\"informuoti\"><select class=\"wpcf7-form-control wpcf7-select\" aria-invalid=\"false\" name=\"informuoti\"><option value=\"Nereikia\">Nereikia<\/option><option value=\"El. pa\u0161tu\">El. pa\u0161tu<\/option><option value=\"Telefonu\">Telefonu<\/option><\/select><\/span><br \/>\n<\/label>\n<\/p>\n<p><label><b>10.<\/b>Mano prane\u0161imas ir asmens duomenys gali b\u016bti perduoti kitai kompetentingai prane\u0161im\u0105 nagrin\u0117ti \u012fstaigai:<br \/>\n<span class=\"wpcf7-form-control-wrap\" data-name=\"Perduotikitaiistaigai\"><span class=\"wpcf7-form-control wpcf7-acceptance optional\"><span class=\"wpcf7-list-item\"><input type=\"checkbox\" name=\"Perduotikitaiistaigai\" value=\"1\" aria-invalid=\"false\" \/><\/span><\/span><\/span> Sutinku<br \/>\n<\/label>\n<\/p>\n<p><input class=\"wpcf7-form-control wpcf7-submit has-spinner\" type=\"submit\" value=\"Prane\u0161ti\" \/>\n<\/p><p style=\"display: none !important;\" class=\"akismet-fields-container\" data-prefix=\"_wpcf7_ak_\"><label>&#916;<textarea name=\"_wpcf7_ak_hp_textarea\" cols=\"45\" rows=\"8\" maxlength=\"100\"><\/textarea><\/label><input type=\"hidden\" id=\"ak_js_1\" name=\"_wpcf7_ak_js\" value=\"53\"\/><script>document.getElementById( \"ak_js_1\" ).setAttribute( \"value\", ( new Date() ).getTime() );<\/script><\/p><div class=\"wpcf7-response-output\" aria-hidden=\"true\"><\/div>\n<\/form>\n<\/div>\n<\/div>\n","protected":false},"excerpt":{"rendered":"","protected":false},"author":3,"featured_media":0,"parent":0,"menu_order":0,"comment_status":"closed","ping_status":"open","template":"","meta":{"zakra_sidebar_layout":"customizer","zakra_remove_content_margin":false,"zakra_sidebar":"customizer","zakra_transparent_header":"customizer","zakra_logo":0,"zakra_main_header_style":"default","zakra_menu_item_color":"","zakra_menu_item_hover_color":"","zakra_menu_item_active_color":"","zakra_menu_active_style":"zakra_menu_active_style","zakra_page_header":true,"footnotes":""},"class_list":["post-2","page","type-page","status-publish","hentry"],"_links":{"self":[{"href":"https:\/\/pranesk.epsog.lt\/lt\/wp-json\/wp\/v2\/pages\/2","targetHints":{"allow":["GET"]}}],"collection":[{"href":"https:\/\/pranesk.epsog.lt\/lt\/wp-json\/wp\/v2\/pages"}],"about":[{"href":"https:\/\/pranesk.epsog.lt\/lt\/wp-json\/wp\/v2\/types\/page"}],"author":[{"embeddable":true,"href":"https:\/\/pranesk.epsog.lt\/lt\/wp-json\/wp\/v2\/users\/3"}],"replies":[{"embeddable":true,"href":"https:\/\/pranesk.epsog.lt\/lt\/wp-json\/wp\/v2\/comments?post=2"}],"version-history":[{"count":3,"href":"https:\/\/pranesk.epsog.lt\/lt\/wp-json\/wp\/v2\/pages\/2\/revisions"}],"predecessor-version":[{"id":90,"href":"https:\/\/pranesk.epsog.lt\/lt\/wp-json\/wp\/v2\/pages\/2\/revisions\/90"}],"wp:attachment":[{"href":"https:\/\/pranesk.epsog.lt\/lt\/wp-json\/wp\/v2\/media?parent=2"}],"curies":[{"name":"wp","href":"https:\/\/api.w.org\/{rel}","templated":true}]}}